{"id":23,"date":"2019-03-10T15:02:47","date_gmt":"2019-03-10T14:02:47","guid":{"rendered":"http:\/\/reflexologue-valleiry.fr\/?page_id=23"},"modified":"2019-09-03T06:57:25","modified_gmt":"2019-09-03T04:57:25","slug":"aider-bebe-a","status":"publish","type":"page","link":"https:\/\/reflexologue-valleiry.fr\/index.php\/aider-bebe-a\/","title":{"rendered":"Aider b\u00e9b\u00e9"},"content":{"rendered":"\n<p>Mieux t\u00e9ter , mieux dig\u00e9rer, mieux dormir, se calmer, faire ses dents, mieux respirer&#8230;.. voici comment la r\u00e9flexologie peut aider b\u00e9b\u00e9. <\/p>\n\n\n\n<h2>Les bienfaits des s\u00e9ances<\/h2>\n\n\n\n<p>Cette s\u00e9ance est sensorielle et tr\u00e8s relaxante. La plupart des b\u00e9b\u00e9s appr\u00e9cient ces stimulations douces et rythm\u00e9es. <\/p>\n\n\n\n<p>Ce contact affectueux peut att\u00e9nuer leur mauvaise humeur et leur irritabilit\u00e9. <\/p>\n\n\n\n<ul><li>Il contribue \u00e0 une bonne digestion<\/li><li>Il favorise la formation des liens affectifs <\/li><li>Il favorise la communication, il permet d&rsquo;\u00eatre \u00e0 l&rsquo;\u00e9coute des signaux non verbaux de b\u00e9b\u00e9<\/li><li>Il favorise le rythme de sommeil des nourrissons<\/li><li>Il est stimulant, les techniques stimulent les muscles et la circulation sanguine<\/li><\/ul>\n\n\n\n<h2>Le nombre de s\u00e9ances<\/h2>\n\n\n\n<p>1 \u00e0 3 s\u00e9ances permettent de faire vivre cette exp\u00e9rience sensorielle \u00e0 b\u00e9b\u00e9. Les bienfaits sont ressentis d\u00e8s la premi\u00e8re s\u00e9ance. <\/p>\n\n\n\n<h2>Le rythme des s\u00e9ances<\/h2>\n\n\n\n<p>1 s\u00e9ance par semaine. <\/p>\n\n\n\n<p>Papa et Maman continueront les stimulations au quotidien. <\/p>\n\n\n\n<h2>La dur\u00e9e des s\u00e9ances<\/h2>\n\n\n\n<p>Le premier mois : entre 5 et 10 min<\/p>\n\n\n\n<p>Entre le 2\u00e8me et le 6\u00e8me mois : environ 10 min<\/p>\n\n\n\n<p> Entre le 6\u00e8me et le 12\u00e8me mois : entre 10 et 15 min<\/p>\n\n\n\n<p>Apr\u00e8s le 12\u00e8me mois : environ 15 min<\/p>\n","protected":false},"excerpt":{"rendered":"<p>Mieux t\u00e9ter , mieux dig\u00e9rer, mieux dormir, se calmer, faire ses dents, mieux respirer&#8230;.. voici comment la r\u00e9flexologie peut aider b\u00e9b\u00e9. Les bienfaits des s\u00e9ances Cette s\u00e9ance est sensorielle et tr\u00e8s relaxante. La plupart des b\u00e9b\u00e9s appr\u00e9cient ces stimulations douces et rythm\u00e9es. Ce contact affectueux peut att\u00e9nuer leur mauvaise humeur et leur irritabilit\u00e9. Il contribue &hellip; <a href=\"https:\/\/reflexologue-valleiry.fr\/index.php\/aider-bebe-a\/\" class=\"more-link\">Continuer la lecture de <span class=\"screen-reader-text\">Aider b\u00e9b\u00e9<\/span><\/a><\/p>\n","protected":false},"author":1,"featured_media":109,"parent":0,"menu_order":0,"comment_status":"closed","ping_status":"closed","template":"","meta":[],"_links":{"self":[{"href":"https:\/\/reflexologue-valleiry.fr\/index.php\/wp-json\/wp\/v2\/pages\/23"}],"collection":[{"href":"https:\/\/reflexologue-valleiry.fr\/index.php\/wp-json\/wp\/v2\/pages"}],"about":[{"href":"https:\/\/reflexologue-valleiry.fr\/index.php\/wp-json\/wp\/v2\/types\/page"}],"author":[{"embeddable":true,"href":"https:\/\/reflexologue-valleiry.fr\/index.php\/wp-json\/wp\/v2\/users\/1"}],"replies":[{"embeddable":true,"href":"https:\/\/reflexologue-valleiry.fr\/index.php\/wp-json\/wp\/v2\/comments?post=23"}],"version-history":[{"count":6,"href":"https:\/\/reflexologue-valleiry.fr\/index.php\/wp-json\/wp\/v2\/pages\/23\/revisions"}],"predecessor-version":[{"id":334,"href":"https:\/\/reflexologue-valleiry.fr\/index.php\/wp-json\/wp\/v2\/pages\/23\/revisions\/334"}],"wp:featuredmedia":[{"embeddable":true,"href":"https:\/\/reflexologue-valleiry.fr\/index.php\/wp-json\/wp\/v2\/media\/109"}],"wp:attachment":[{"href":"https:\/\/reflexologue-valleiry.fr\/index.php\/wp-json\/wp\/v2\/media?parent=23"}],"curies":[{"name":"wp","href":"https:\/\/api.w.org\/{rel}","templated":true}]}}