{"id":19,"date":"2019-03-10T15:06:23","date_gmt":"2019-03-10T14:06:23","guid":{"rendered":"http:\/\/reflexologue-valleiry.fr\/?page_id=19"},"modified":"2022-02-18T15:52:12","modified_gmt":"2022-02-18T14:52:12","slug":"les-soins-infos","status":"publish","type":"page","link":"https:\/\/reflexologue-valleiry.fr\/index.php\/les-soins-infos\/","title":{"rendered":"Les soins : infos"},"content":{"rendered":"\n<h2 id=\"mce_1\"><strong><em>Pas \u00e0 pas, le bien-\u00eatre s\u2019invitera <\/em><\/strong><\/h2>\n\n\n\n<div class=\"wp-block-media-text alignwide is-stacked-on-mobile\" style=\"grid-template-columns:31% auto\"><figure class=\"wp-block-media-text__media\"><img loading=\"lazy\" width=\"681\" height=\"1024\" src=\"http:\/\/reflexologue-valleiry.fr\/wp-content\/uploads\/2019\/08\/20190427-DSC_0126-681x1024.jpg\" alt=\"\" class=\"wp-image-143 size-full\" srcset=\"https:\/\/reflexologue-valleiry.fr\/wp-content\/uploads\/2019\/08\/20190427-DSC_0126-681x1024.jpg 681w, https:\/\/reflexologue-valleiry.fr\/wp-content\/uploads\/2019\/08\/20190427-DSC_0126-199x300.jpg 199w, https:\/\/reflexologue-valleiry.fr\/wp-content\/uploads\/2019\/08\/20190427-DSC_0126-768x1155.jpg 768w, https:\/\/reflexologue-valleiry.fr\/wp-content\/uploads\/2019\/08\/20190427-DSC_0126.jpg 2000w\" sizes=\"(max-width: 681px) 100vw, 681px\" \/><\/figure><div class=\"wp-block-media-text__content\">\n<p> Le nombre de s\u00e9ances n\u00e9cessaires pour faire dispara\u00eetre un trouble est tr\u00e8s variable.  <\/p>\n\n\n\n<p> Tout d\u00e9pend de la r\u00e9ceptivit\u00e9 du patient, de l\u2019anciennet\u00e9 du trouble\u2026.  <\/p>\n\n\n\n<p>\n\nAu d\u00e9part, on recommande une s\u00e9ance par semaine puis toutes les 2 \u00e0 3 semaines. \n\n<\/p>\n<\/div><\/div>\n\n\n\n<h2>Contre-indications<\/h2>\n\n\n\n<p>Les personnes ayant : <\/p>\n\n\n\n<ul><li> des traumatismes et inflammations des pieds <\/li><li> des troubles circulatoires (phl\u00e9bite, thrombose) <\/li><\/ul>\n\n\n\n<p>ne peuvent pas b\u00e9n\u00e9ficier de s\u00e9ances de r\u00e9flexologie plantaire. <\/p>\n\n\n\n<h2>Apr\u00e8s la s\u00e9ance <\/h2>\n\n\n\n<p>Apr\u00e8s la s\u00e9ance, il est recommand\u00e9 de bien s\u2019hydrater et de faire des activit\u00e9s calmes durant quelques jours. <\/p>\n\n\n\n<p>Vous pouvez ressentir une grande fatigue, des douleurs, des \u00e9liminations\u2026. les jours suivants la s\u00e9ance. C\u2019est un processus normal et provisoire durant lequel votre corps se r\u00e9\u00e9quilibre suite au traitement. <\/p>\n\n\n\n<h2>Important <\/h2>\n\n\n\n<p><em>La r\u00e9flexologie ne se substitue pas \u00e0&nbsp;la m\u00e9decine\nconventionnelle.&nbsp;<\/em><\/p>\n\n\n\n<p><em>Le r\u00e9flexologue ne peut pas faire un diagnostic, modifier un\ntraitement ou participer \u00e0 une d\u00e9cision th\u00e9rapeutique.<\/em><\/p>\n\n\n\n<p><em>Conform\u00e9ment \u00e0 la loi, la pratique de la r\u00e9flexologie ne peut \u00eatre\nen aucun cas assimil\u00e9e \u00e0 des soins m\u00e9dicaux ou de kin\u00e9sith\u00e9rapie, mais \u00e0 une\ntechnique de bien \u00eatre par la relaxation physique et la d\u00e9tente lib\u00e9ratrice de\nstress. (Loi du 30.04.1946, d\u00e9cret&nbsp;60669 de l\u2019article&nbsp;l.489 et de\nl\u2019arr\u00eat\u00e9 du 8.10.1996.)<\/em><\/p>\n","protected":false},"excerpt":{"rendered":"<p>Pas \u00e0 pas, le bien-\u00eatre s\u2019invitera Le nombre de s\u00e9ances n\u00e9cessaires pour faire dispara\u00eetre un trouble est tr\u00e8s variable. Tout d\u00e9pend de la r\u00e9ceptivit\u00e9 du patient, de l\u2019anciennet\u00e9 du trouble\u2026. Au d\u00e9part, on recommande une s\u00e9ance par semaine puis toutes les 2 \u00e0 3 semaines. Contre-indications Les personnes ayant : des traumatismes et inflammations des &hellip; <a href=\"https:\/\/reflexologue-valleiry.fr\/index.php\/les-soins-infos\/\" class=\"more-link\">Continuer la lecture de <span class=\"screen-reader-text\">Les soins : infos<\/span><\/a><\/p>\n","protected":false},"author":1,"featured_media":0,"parent":0,"menu_order":0,"comment_status":"closed","ping_status":"closed","template":"","meta":[],"_links":{"self":[{"href":"https:\/\/reflexologue-valleiry.fr\/index.php\/wp-json\/wp\/v2\/pages\/19"}],"collection":[{"href":"https:\/\/reflexologue-valleiry.fr\/index.php\/wp-json\/wp\/v2\/pages"}],"about":[{"href":"https:\/\/reflexologue-valleiry.fr\/index.php\/wp-json\/wp\/v2\/types\/page"}],"author":[{"embeddable":true,"href":"https:\/\/reflexologue-valleiry.fr\/index.php\/wp-json\/wp\/v2\/users\/1"}],"replies":[{"embeddable":true,"href":"https:\/\/reflexologue-valleiry.fr\/index.php\/wp-json\/wp\/v2\/comments?post=19"}],"version-history":[{"count":10,"href":"https:\/\/reflexologue-valleiry.fr\/index.php\/wp-json\/wp\/v2\/pages\/19\/revisions"}],"predecessor-version":[{"id":348,"href":"https:\/\/reflexologue-valleiry.fr\/index.php\/wp-json\/wp\/v2\/pages\/19\/revisions\/348"}],"wp:attachment":[{"href":"https:\/\/reflexologue-valleiry.fr\/index.php\/wp-json\/wp\/v2\/media?parent=19"}],"curies":[{"name":"wp","href":"https:\/\/api.w.org\/{rel}","templated":true}]}}