{"id":18,"date":"2019-03-10T15:06:37","date_gmt":"2019-03-10T14:06:37","guid":{"rendered":"http:\/\/reflexologue-valleiry.fr\/?page_id=18"},"modified":"2019-08-14T08:39:08","modified_gmt":"2019-08-14T06:39:08","slug":"les-tarifs","status":"publish","type":"page","link":"https:\/\/reflexologue-valleiry.fr\/index.php\/les-tarifs\/","title":{"rendered":"Les tarifs"},"content":{"rendered":"\n<h2><strong><em>Pas \u00e0 pas, le bien \u00eatre s\u2019invitera <\/em><\/strong><\/h2>\n\n\n\n<h4><strong>S\u00e9ance de r\u00e9flexologie plantaire&nbsp;: 50&nbsp;\u20ac<\/strong><\/h4>\n\n\n\n<p>Les s\u00e9ances durent environ 1 heure (la premi\u00e8re s\u00e9ance est un peu plus longue)<\/p>\n\n\n\n<p>Nous prenons\nle temps de discuter de vos petits tracas, de vos ressentis, de votre histoire,\nvos ant\u00e9c\u00e9dents, &nbsp;puis vous vous\ninstallez dans le fauteuil et vous vous laissez dorloter. <\/p>\n\n\n\n<p>Le soin est\npersonnalis\u00e9, puisque chaque personne est unique.<\/p>\n\n\n\n<p> S\u00e9ance de r\u00e9flexologie palmaire : 30&nbsp;\u20ac (s\u00e9ance de 20 min uniquement sur les mains)<\/p>\n\n\n\n<h4><strong>S\u00e9ance \u00ab&nbsp;Bient\u00f4t Maman&nbsp;\u00bb&nbsp;: 50 \u20ac<\/strong><\/h4>\n\n\n\n<p>En\nfonction du trimestre de la grossesse, je peux vous proposer de soulager vos\nmaux du moment (les naus\u00e9es, les tensions des seins, les petites peurs, le\nsommeil, les tensions musculaires\u2026.)<\/p>\n\n\n\n<p>Ou tout simplement, faire un soin de d\u00e9tente pour vous avec b\u00e9b\u00e9 dans le ventre : 40\u20ac<\/p>\n\n\n\n<p>Il ressentira votre bien-\u00eatre. <\/p>\n\n\n\n<h4><strong>S\u00e9ance B\u00e9b\u00e9&nbsp;: 30&nbsp;\u20ac<\/strong><\/h4>\n\n\n\n<p>Les s\u00e9ances de r\u00e9flexologie pour les b\u00e9b\u00e9s sont plus courtes et le temps de stimulation est li\u00e9 \u00e0 l\u2019\u00e2ge de b\u00e9b\u00e9. C\u2019est une approche sensorielle qui permet d\u2019apaiser b\u00e9b\u00e9 et de l\u2019aider \u00e0 mieux t\u00e9ter, dig\u00e9rer, dormir, \u00e0 faire ses dents, \u00e0 respirer, \u00e0 se sentir bien.  <\/p>\n\n\n\n<h4><strong>S\u00e9ance enfant : 30\u20ac<\/strong><\/h4>\n\n\n\n<h4><strong>Bon cadeau : 50\u20ac<\/strong><\/h4>\n\n\n\n<p>Le bon cadeau est la formule id\u00e9ale pour faire d\u00e9couvrir \u00e0 vos\nproches les bienfaits de la r\u00e9flexologie sur la sant\u00e9.<\/p>\n\n\n\n<p>Je peux \u00e9galement vous proposer un soin uniquement bas\u00e9 sur la d\u00e9tente\n(40 euros la d\u00e9tente). <\/p>\n\n\n\n<h4><strong>D\u00e9placement \u00e0 domicile <\/strong><\/h4>\n\n\n\n<p>Je peux me d\u00e9placer \u00e0 votre domicile. Sur la commune de Valleiry, je ne facture pas de suppl\u00e9ment. Me consulter pour le tarif sur les autres communes.   <\/p>\n\n\n\n<h4><strong>Remboursement \/ mutuelle <\/strong><\/h4>\n\n\n\n<p>Certaines mutuelles prennent en charge sous forme de forfaits une partie des soins de r\u00e9flexologie. N\u2019h\u00e9sitez pas \u00e0 vous renseigner aupr\u00e8s de votre mutuelle. <\/p>\n\n\n\n<h4><strong>Modalit\u00e9s de paiement<\/strong><\/h4>\n\n\n\n<p>J&rsquo;accepte les paiements  par ch\u00e8que ou esp\u00e8ces. <\/p>\n","protected":false},"excerpt":{"rendered":"<p>Pas \u00e0 pas, le bien \u00eatre s\u2019invitera S\u00e9ance de r\u00e9flexologie plantaire&nbsp;: 50&nbsp;\u20ac Les s\u00e9ances durent environ 1 heure (la premi\u00e8re s\u00e9ance est un peu plus longue) Nous prenons le temps de discuter de vos petits tracas, de vos ressentis, de votre histoire, vos ant\u00e9c\u00e9dents, &nbsp;puis vous vous installez dans le fauteuil et vous vous laissez &hellip; <a href=\"https:\/\/reflexologue-valleiry.fr\/index.php\/les-tarifs\/\" class=\"more-link\">Continuer la lecture de <span class=\"screen-reader-text\">Les tarifs<\/span><\/a><\/p>\n","protected":false},"author":1,"featured_media":0,"parent":0,"menu_order":0,"comment_status":"closed","ping_status":"closed","template":"","meta":[],"_links":{"self":[{"href":"https:\/\/reflexologue-valleiry.fr\/index.php\/wp-json\/wp\/v2\/pages\/18"}],"collection":[{"href":"https:\/\/reflexologue-valleiry.fr\/index.php\/wp-json\/wp\/v2\/pages"}],"about":[{"href":"https:\/\/reflexologue-valleiry.fr\/index.php\/wp-json\/wp\/v2\/types\/page"}],"author":[{"embeddable":true,"href":"https:\/\/reflexologue-valleiry.fr\/index.php\/wp-json\/wp\/v2\/users\/1"}],"replies":[{"embeddable":true,"href":"https:\/\/reflexologue-valleiry.fr\/index.php\/wp-json\/wp\/v2\/comments?post=18"}],"version-history":[{"count":5,"href":"https:\/\/reflexologue-valleiry.fr\/index.php\/wp-json\/wp\/v2\/pages\/18\/revisions"}],"predecessor-version":[{"id":161,"href":"https:\/\/reflexologue-valleiry.fr\/index.php\/wp-json\/wp\/v2\/pages\/18\/revisions\/161"}],"wp:attachment":[{"href":"https:\/\/reflexologue-valleiry.fr\/index.php\/wp-json\/wp\/v2\/media?parent=18"}],"curies":[{"name":"wp","href":"https:\/\/api.w.org\/{rel}","templated":true}]}}