{"id":17,"date":"2019-03-10T15:05:31","date_gmt":"2019-03-10T14:05:31","guid":{"rendered":"http:\/\/reflexologue-valleiry.fr\/?page_id=17"},"modified":"2022-01-12T08:49:07","modified_gmt":"2022-01-12T07:49:07","slug":"parcours","status":"publish","type":"page","link":"https:\/\/reflexologue-valleiry.fr\/index.php\/parcours\/","title":{"rendered":"Mon parcours"},"content":{"rendered":"\n<div class=\"wp-block-media-text alignwide is-stacked-on-mobile\" style=\"grid-template-columns:26% auto\"><figure class=\"wp-block-media-text__media\"><img loading=\"lazy\" width=\"146\" height=\"193\" src=\"http:\/\/reflexologue-valleiry.fr\/wp-content\/uploads\/2019\/09\/Photo-CV-Cathy.jpg\" alt=\"\" class=\"wp-image-325 size-full\"\/><\/figure><div class=\"wp-block-media-text__content\">\n<p> L&rsquo;envie de prendre soin des autres a toujours \u00e9t\u00e9 pr\u00e9sente. Mon choix d\u2019orientation professionnelle \u00e0 20 ans m\u2019a permis de m\u2019\u00e9panouir professionnellement mais il me manquait quelque chose.  <\/p>\n<\/div><\/div>\n\n\n\n<p>Voici l&rsquo;objectif d&rsquo;Eunice Ingham, une des fondatrices de la r\u00e9flexologie occidentale : <\/p>\n\n\n\n<blockquote class=\"wp-block-quote\"><p>\u00ab\u00a0D&rsquo;aider l&rsquo;humanit\u00e9 autant que nous le pouvons, chaque fois que c&rsquo;est possible et o\u00f9 que nous soyons\u00a0\u00bb. <\/p><cite>Eunice Ingham<\/cite><\/blockquote>\n\n\n\n<p>C\u2019est un objectif fort ambitieux, mais\nqui me parlait. Pas \u00e0 pas, je me suis orient\u00e9e vers la r\u00e9flexologie, ce qui correspondait\nen tous points \u00e0 ce que je souhaitais vous apporter. <\/p>\n\n\n\n<p>J\u2019ai eu la chance de pouvoir entreprendre une reconversion professionnelle et \u00e0 la porte de mes 40 ans et je me suis lanc\u00e9e dans cette nouvelle vie professionnelle mais &nbsp;surtout humaine : la r\u00e9flexologie plantaire. <\/p>\n\n\n\n<h2>Devenir r\u00e9flexologue&#8230;<em style=\"font-weight: bold;\"><\/em><\/h2>\n\n\n\n<p>J\u2019ai suivi ma formation \u00e0 l\u2019Institut International de R\u00e9flexologie (IIR) dirig\u00e9 par Monique Schweitzer. (<a rel=\"noreferrer noopener\" aria-label=\" (s\u2019ouvre dans un nouvel onglet)\" href=\"https:\/\/ressourcement.fr\/?page=qui-sommes-nous\" target=\"_blank\">le&nbsp;site&nbsp;du&nbsp;centre&nbsp;de&nbsp;formation)<\/a><\/p>\n\n\n\n<p>C\u2019est la\nseule structure en France autoris\u00e9e \u00e0 enseigner la <em>M\u00e9thode originale\nIngham\u00ae<\/em><em>.<\/em><\/p>\n\n\n\n<p>J\u2019ai \u00e9t\u00e9 certifi\u00e9e par\u00a0l&rsquo;Institut International de R\u00e9flexologie le 1O juin 2018.<\/p>\n\n\n\n<h2>Et ensuite&#8230;<\/h2>\n\n\n\n<p>J\u2019ai compl\u00e9t\u00e9 mes connaissances par des formations de sp\u00e9cialisation \u00e0 l\u2019Ecole EIR de Toulouse ( <a href=\"http:\/\/le site de l'\u00e9colehttps:\/\/eir-formation.com\/\">le site de l&rsquo;\u00e9cole <\/a>): <\/p>\n\n\n\n<ul><li> Sp\u00e9cialisation Maternit\u00e9 et Nourrissons<\/li><li> Sp\u00e9cialisation Gestion du stress au travail <\/li><li>Sp\u00e9cialisation en Soins de support, pour aider les personnes atteintes d&rsquo;un cancer<\/li><\/ul>\n\n\n\n<p>Ces formations compl\u00e9mentaires m&rsquo;ont permis de m&rsquo;ouvrir \u00e0 d\u2019autres techniques de r\u00e9flexologie, notamment &nbsp;la r\u00e9flexologie auriculaire et faciale.&nbsp; <\/p>\n","protected":false},"excerpt":{"rendered":"<p>L&rsquo;envie de prendre soin des autres a toujours \u00e9t\u00e9 pr\u00e9sente. Mon choix d\u2019orientation professionnelle \u00e0 20 ans m\u2019a permis de m\u2019\u00e9panouir professionnellement mais il me manquait quelque chose. Voici l&rsquo;objectif d&rsquo;Eunice Ingham, une des fondatrices de la r\u00e9flexologie occidentale : \u00ab\u00a0D&rsquo;aider l&rsquo;humanit\u00e9 autant que nous le pouvons, chaque fois que c&rsquo;est possible et o\u00f9 que &hellip; <a href=\"https:\/\/reflexologue-valleiry.fr\/index.php\/parcours\/\" class=\"more-link\">Continuer la lecture de <span class=\"screen-reader-text\">Mon parcours<\/span><\/a><\/p>\n","protected":false},"author":1,"featured_media":0,"parent":0,"menu_order":0,"comment_status":"closed","ping_status":"closed","template":"","meta":[],"_links":{"self":[{"href":"https:\/\/reflexologue-valleiry.fr\/index.php\/wp-json\/wp\/v2\/pages\/17"}],"collection":[{"href":"https:\/\/reflexologue-valleiry.fr\/index.php\/wp-json\/wp\/v2\/pages"}],"about":[{"href":"https:\/\/reflexologue-valleiry.fr\/index.php\/wp-json\/wp\/v2\/types\/page"}],"author":[{"embeddable":true,"href":"https:\/\/reflexologue-valleiry.fr\/index.php\/wp-json\/wp\/v2\/users\/1"}],"replies":[{"embeddable":true,"href":"https:\/\/reflexologue-valleiry.fr\/index.php\/wp-json\/wp\/v2\/comments?post=17"}],"version-history":[{"count":11,"href":"https:\/\/reflexologue-valleiry.fr\/index.php\/wp-json\/wp\/v2\/pages\/17\/revisions"}],"predecessor-version":[{"id":342,"href":"https:\/\/reflexologue-valleiry.fr\/index.php\/wp-json\/wp\/v2\/pages\/17\/revisions\/342"}],"wp:attachment":[{"href":"https:\/\/reflexologue-valleiry.fr\/index.php\/wp-json\/wp\/v2\/media?parent=17"}],"curies":[{"name":"wp","href":"https:\/\/api.w.org\/{rel}","templated":true}]}}