{"id":156,"date":"2019-08-16T08:30:21","date_gmt":"2019-08-16T06:30:21","guid":{"rendered":"http:\/\/reflexologue-valleiry.fr\/?page_id=156"},"modified":"2019-08-27T17:46:23","modified_gmt":"2019-08-27T15:46:23","slug":"temoignages","status":"publish","type":"page","link":"https:\/\/reflexologue-valleiry.fr\/index.php\/temoignages\/","title":{"rendered":"T\u00e9moignages"},"content":{"rendered":"\n<figure class=\"wp-block-pullquote\"><blockquote class=\"has-text-color\" style=\"color:#fdb912\"><p>Merci beaucoup pour avoir soign\u00e9 mes maux. Bien-\u00eatre et d\u00e9tente, passion, et \u00e9coute. Je me sens mieux, encore merci pour tout. <\/p><cite>Lynda<\/cite><\/blockquote><\/figure>\n\n\n\n<figure class=\"wp-block-pullquote\"><blockquote class=\"has-text-color\" style=\"color:#06505b\"><p>Merci Cathy pour la d\u00e9couverte de la r\u00e9flexologie. Des s\u00e9ances agr\u00e9ables et \u00e9volutives. Cathy est toujours \u00e0 l&rsquo;\u00e9coute de son patient et souhaite toujours aller plus loin dans la gu\u00e9rison. <\/p><cite>Am\u00e9lie<\/cite><\/blockquote><\/figure>\n\n\n\n<hr class=\"wp-block-separator\"\/>\n\n\n\n<figure class=\"wp-block-pullquote\"><blockquote class=\"has-text-color\" style=\"color:#fdb912\"><p>Merci \u00e0 vous surtout pour votre travail, votre patience, votre int\u00e9r\u00eat et confiance. J&rsquo;ai beaucoup aim\u00e9 nos \u00e9changes,  j&rsquo;ai h\u00e2te de continuer. <\/p><cite>Sol\u00e8ne<\/cite><\/blockquote><\/figure>\n\n\n\n<figure class=\"wp-block-pullquote\"><blockquote class=\"has-text-color\" style=\"color:#06505b\"><p>Merci Cathy pour les doses d&rsquo;\u00e9nergies apport\u00e9es \u00e0 chaque s\u00e9ance, alors que c&rsquo;\u00e9tait exactement ce dont j&rsquo;avais besoin. Etre reboost\u00e9e par la r\u00e9flexologie plantaire, c&rsquo;est le pied ! <\/p><cite>Yola<\/cite><\/blockquote><\/figure>\n\n\n\n<figure class=\"wp-block-pullquote\"><blockquote class=\"has-text-color\" style=\"color:#fdb912\"><p>Bonjour Cathy, je tenais \u00e0 vous remercier pour ces moments partag\u00e9s autour de mes pieds. Ce fut une vraie d\u00e9couverte pour moi. Je garde de ces s\u00e9ances, un souvenir d&rsquo;une p\u00e9riode o\u00f9 le calme s&rsquo;est fait en moi. Merci pour votre douceur et votre bienveillance. <\/p><cite>C\u00e9line<\/cite><\/blockquote><\/figure>\n\n\n\n<figure class=\"wp-block-pullquote\"><blockquote class=\"has-text-color\" style=\"color:#06505b\"><p>Je viens de terminer mes s\u00e9ances de r\u00e9flexologie avec Cathy et je me sens mieux. En suivant les s\u00e9ances, j&rsquo;ai aussi beaucoup appris sur mon corps. Cathy est une personne tr\u00e8s g\u00e9n\u00e9reuse et bienveillante. J&rsquo;ai vraiment h\u00e2te de revenir la voir. Merci Cathy ! <\/p><cite>Anne<\/cite><\/blockquote><\/figure>\n\n\n\n<figure class=\"wp-block-pullquote\"><blockquote class=\"has-text-color\" style=\"color:#fdb912\"><p>Septembre 2018 fut ma premi\u00e8re rencontre avec la r\u00e9flexologie et avec Cathy. J&rsquo;y suis all\u00e9e partag\u00e9e entre curiosit\u00e9 et appr\u00e9hension&#8230; et suis revenue enchant\u00e9e. Cathy est \u00e0 l&rsquo;\u00e9coute et de bonne humeur. Elle aime le contact avec les gens. <\/p><cite>Val\u00e9rie<\/cite><\/blockquote><\/figure>\n\n\n\n<figure class=\"wp-block-pullquote\"><blockquote class=\"has-text-color\" style=\"color:#06505b\"><p>Un grand merci pour ces s\u00e9ances qui furent des moments tr\u00e8s agr\u00e9ables et qui m&rsquo;ont appris certaines choses sur la r\u00e9flexologie alors que j&rsquo;en avais d\u00e9j\u00e0 fait. (ex : un point douloureux au toucher n&rsquo;est pas forcement la cause d&rsquo;un mauvais fonctionnement organique). J&rsquo;ai appr\u00e9ci\u00e9 votre \u00e9coute, et le fait que vous preniez le temps de r\u00e9pondre \u00e0 mes questions. <\/p><cite>Rachel<\/cite><\/blockquote><\/figure>\n\n\n\n<figure class=\"wp-block-pullquote\"><blockquote class=\"has-text-color\" style=\"color:#fdb912\"><p>Cathy m&rsquo;a fait d\u00e9couvrir la r\u00e9flexologie plantaire et a su d\u00e8s la premi\u00e8re s\u00e9ance m&rsquo;expliquer le fonctionnement et les bienfait de cette m\u00e9decine douce qui m&rsquo;\u00e9tait alors inconnue. Ces informations ont pris du sens pour moi au fur et \u00e0 mesure des s\u00e9ances et m&rsquo;ont permis de me relaxer et de me poser les bonnes questions au sujet de mes douleurs principalement aux cervicales que je ressens depuis plusieurs ann\u00e9es. Merci beaucoup pour votre \u00e9coute, votre p\u00e9dagogie et votre gentillesse. <\/p><cite>Johan<\/cite><\/blockquote><\/figure>\n","protected":false},"excerpt":{"rendered":"<p>Merci beaucoup pour avoir soign\u00e9 mes maux. Bien-\u00eatre et d\u00e9tente, passion, et \u00e9coute. Je me sens mieux, encore merci pour tout. Lynda Merci Cathy pour la d\u00e9couverte de la r\u00e9flexologie. Des s\u00e9ances agr\u00e9ables et \u00e9volutives. Cathy est toujours \u00e0 l&rsquo;\u00e9coute de son patient et souhaite toujours aller plus loin dans la gu\u00e9rison. Am\u00e9lie Merci \u00e0 &hellip; <a href=\"https:\/\/reflexologue-valleiry.fr\/index.php\/temoignages\/\" class=\"more-link\">Continuer la lecture de <span class=\"screen-reader-text\">T\u00e9moignages<\/span><\/a><\/p>\n","protected":false},"author":1,"featured_media":0,"parent":0,"menu_order":0,"comment_status":"closed","ping_status":"closed","template":"","meta":[],"_links":{"self":[{"href":"https:\/\/reflexologue-valleiry.fr\/index.php\/wp-json\/wp\/v2\/pages\/156"}],"collection":[{"href":"https:\/\/reflexologue-valleiry.fr\/index.php\/wp-json\/wp\/v2\/pages"}],"about":[{"href":"https:\/\/reflexologue-valleiry.fr\/index.php\/wp-json\/wp\/v2\/types\/page"}],"author":[{"embeddable":true,"href":"https:\/\/reflexologue-valleiry.fr\/index.php\/wp-json\/wp\/v2\/users\/1"}],"replies":[{"embeddable":true,"href":"https:\/\/reflexologue-valleiry.fr\/index.php\/wp-json\/wp\/v2\/comments?post=156"}],"version-history":[{"count":4,"href":"https:\/\/reflexologue-valleiry.fr\/index.php\/wp-json\/wp\/v2\/pages\/156\/revisions"}],"predecessor-version":[{"id":324,"href":"https:\/\/reflexologue-valleiry.fr\/index.php\/wp-json\/wp\/v2\/pages\/156\/revisions\/324"}],"wp:attachment":[{"href":"https:\/\/reflexologue-valleiry.fr\/index.php\/wp-json\/wp\/v2\/media?parent=156"}],"curies":[{"name":"wp","href":"https:\/\/api.w.org\/{rel}","templated":true}]}}